{"id":226,"date":"2019-09-27T15:51:00","date_gmt":"2019-09-27T13:51:00","guid":{"rendered":"https:\/\/gonzalomontoro.com\/wordpress\/?page_id=226"},"modified":"2024-11-05T19:32:13","modified_gmt":"2024-11-05T18:32:13","slug":"principal","status":"publish","type":"page","link":"https:\/\/www.gonzalomontoro.com\/","title":{"rendered":"Principal"},"content":{"rendered":"<p>[et_pb_section fb_built=\u00bb1&#8243; admin_label=\u00bbSecci\u00f3n\u00bb _builder_version=\u00bb3.29.3&#8243; background_color=\u00bb#ffffff\u00bb fb_built=\u00bb1&#8243; _i=\u00bb0&#8243; _address=\u00bb0&#8243;][et_pb_row _builder_version=\u00bb3.29.3&#8243; custom_margin=\u00bb-57px||||false|false\u00bb _i=\u00bb0&#8243; _address=\u00bb0.0&#8243;][et_pb_column type=\u00bb4_4&#8243; _builder_version=\u00bb3.29.3&#8243; _i=\u00bb0&#8243; _address=\u00bb0.0.0&#8243;][et_pb_image src=\u00bbhttps:\/\/www.gonzalomontoro.com\/wp-content\/uploads\/2021\/12\/logo-150.png\u00bb _builder_version=\u00bb3.29.3&#8243; _i=\u00bb0&#8243; _address=\u00bb0.0.0.0&#8243;][\/et_pb_image][\/et_pb_column][\/et_pb_row][et_pb_row _builder_version=\u00bb3.29.3&#8243; _i=\u00bb1&#8243; _address=\u00bb0.1&#8243;][et_pb_column type=\u00bb4_4&#8243; _builder_version=\u00bb3.29.3&#8243; _i=\u00bb0&#8243; _address=\u00bb0.1.0&#8243;][et_pb_slider admin_label=\u00bbDeslizador\u00bb _builder_version=\u00bb3.29.3&#8243; transform_scale_phone=\u00bb120%|120%\u00bb transform_scale_last_edited=\u00bbon|phone\u00bb transform_translate_last_edited=\u00bbon|desktop\u00bb transform_rotate_last_edited=\u00bbon|desktop\u00bb transform_skew_last_edited=\u00bbon|desktop\u00bb transform_origin_last_edited=\u00bbon|desktop\u00bb transform_styles_last_edited=\u00bbon|phone\u00bb min_height_phone=\u00bb200px\u00bb min_height_last_edited=\u00bbon|phone\u00bb animation_style=\u00bbslide\u00bb auto=\u00bbon\u00bb _i=\u00bb0&#8243; _address=\u00bb0.1.0.0&#8243; column_structure=\u00bb1_2,1_2&#8243;][et_pb_slide _builder_version=\u00bb3.29.3&#8243; background_image=\u00bbhttps:\/\/gonzalomontoro.com\/wp-content\/uploads\/2021\/01\/SLIDER-web-GONZALO-10.png\u00bb background_enable_image=\u00bbon\u00bb _i=\u00bb0&#8243; _address=\u00bb0.1.0.0.0&#8243;][\/et_pb_slide][et_pb_slide _builder_version=\u00bb3.29.3&#8243; background_image=\u00bbhttps:\/\/www.gonzalomontoro.com\/wp-content\/uploads\/2021\/01\/SLIDER-web-GONZALO-13.png\u00bb background_enable_image=\u00bbon\u00bb _i=\u00bb1&#8243; _address=\u00bb0.1.0.0.1&#8243;][\/et_pb_slide][et_pb_slide _builder_version=\u00bb3.29.3&#8243; background_image=\u00bbhttps:\/\/gonzalomontoro.com\/wp-content\/uploads\/2021\/01\/SLIDER-web-GONZALO-12.png\u00bb background_enable_image=\u00bbon\u00bb _i=\u00bb2&#8243; _address=\u00bb0.1.0.0.2&#8243;][\/et_pb_slide][et_pb_slide _builder_version=\u00bb3.29.3&#8243; background_image=\u00bbhttps:\/\/www.gonzalomontoro.com\/wp-content\/uploads\/2021\/01\/SLIDER-web-GONZALO-11.png\u00bb background_enable_image=\u00bbon\u00bb _i=\u00bb3&#8243; _address=\u00bb0.1.0.0.3&#8243;][\/et_pb_slide][\/et_pb_slider][et_pb_text _builder_version=\u00bb3.29.3&#8243; text_font=\u00bbUbuntu||||||||\u00bb _i=\u00bb1&#8243; _address=\u00bb0.1.0.1&#8243;]<\/p>\n<h3 style=\"text-align: center;\">\u201c Soy <strong>Gonzalo Montoro<\/strong>, un hombre del nuevo renacimiento, os ayudo a mostraros de la mejor manera mediante imagen, video, ilustraci\u00f3n, ideas, creaci\u00f3n, m\u00fasica&#8230;<\/h3>\n<h3 style=\"text-align: center;\">Buscamos la empat\u00eda con nuestro cliente potencial, la <strong>EMPAT\u00cdA GR\u00c1FICA<\/strong> \u201d<\/h3>\n<p>[\/et_pb_text][\/et_pb_column][\/et_pb_row][et_pb_row column_structure=\u00bb1_4,1_4,1_4,1_4&#8243; _builder_version=\u00bb3.29.3&#8243; _i=\u00bb2&#8243; _address=\u00bb0.2&#8243;][et_pb_column type=\u00bb1_4&#8243; _builder_version=\u00bb3.29.3&#8243; _i=\u00bb0&#8243; _address=\u00bb0.2.0&#8243;][et_pb_image src=\u00bbhttps:\/\/gonzalomontoro.com\/wp-content\/uploads\/2021\/01\/ICONOS-150&#215;150.png\u00bb align=\u00bbcenter\u00bb _builder_version=\u00bb3.29.3&#8243; _i=\u00bb0&#8243; _address=\u00bb0.2.0.0&#8243;][\/et_pb_image][et_pb_text _builder_version=\u00bb3.29.3&#8243; text_orientation=\u00bbcenter\u00bb _i=\u00bb1&#8243; _address=\u00bb0.2.0.1&#8243;]<\/p>\n<p><strong>MARCAS<\/strong><\/p>\n<p style=\"text-align: justify;\">Crear y mantener tu identidad visual es una piedra que se debe de pulir continuamente para transmitir tu manera de ser.<\/p>\n<p>[\/et_pb_text][\/et_pb_column][et_pb_column type=\u00bb1_4&#8243; _builder_version=\u00bb3.29.3&#8243; _i=\u00bb1&#8243; _address=\u00bb0.2.1&#8243;][et_pb_image src=\u00bbhttps:\/\/gonzalomontoro.com\/wp-content\/uploads\/2021\/01\/ICONOS2-150&#215;150.png\u00bb align=\u00bbcenter\u00bb _builder_version=\u00bb3.29.3&#8243; _i=\u00bb0&#8243; _address=\u00bb0.2.1.0&#8243;][\/et_pb_image][et_pb_text _builder_version=\u00bb3.29.3&#8243; text_orientation=\u00bbcenter\u00bb _i=\u00bb1&#8243; _address=\u00bb0.2.1.1&#8243;]<\/p>\n<p><b>VIDEO<\/b><\/p>\n<p>Los medios de comunicaci\u00f3n apuntan al consumo masivo de piezas de video, tanto comerciales, experienciales.<\/p>\n<p>[\/et_pb_text][\/et_pb_column][et_pb_column type=\u00bb1_4&#8243; _builder_version=\u00bb3.29.3&#8243; _i=\u00bb2&#8243; _address=\u00bb0.2.2&#8243;][et_pb_image src=\u00bbhttps:\/\/gonzalomontoro.com\/wp-content\/uploads\/2021\/01\/ICONOS3-150&#215;150.png\u00bb align=\u00bbcenter\u00bb _builder_version=\u00bb3.29.3&#8243; _i=\u00bb0&#8243; _address=\u00bb0.2.2.0&#8243;][\/et_pb_image][et_pb_text _builder_version=\u00bb3.29.3&#8243; text_orientation=\u00bbcenter\u00bb _i=\u00bb1&#8243; _address=\u00bb0.2.2.1&#8243;]<\/p>\n<p><strong>ILUSTRACI\u00d3N<\/strong><\/p>\n<p>No podemos negar que adoramos el uso del arte en la comunicaci\u00f3n actual, por ello, nos encanta manejar \u00abEL L\u00c1PIZ\u00bb.<\/p>\n<p>[\/et_pb_text][\/et_pb_column][et_pb_column type=\u00bb1_4&#8243; _builder_version=\u00bb3.29.3&#8243; _i=\u00bb3&#8243; _address=\u00bb0.2.3&#8243;][et_pb_image src=\u00bbhttps:\/\/gonzalomontoro.com\/wp-content\/uploads\/2021\/01\/ICONOS4-150&#215;150.png\u00bb align=\u00bbcenter\u00bb _builder_version=\u00bb3.29.3&#8243; _i=\u00bb0&#8243; _address=\u00bb0.2.3.0&#8243;][\/et_pb_image][et_pb_text _builder_version=\u00bb3.29.3&#8243; text_orientation=\u00bbcenter\u00bb _i=\u00bb1&#8243; _address=\u00bb0.2.3.1&#8243;]<\/p>\n<p><b>INGENIO<\/b><\/p>\n<p>La verdad es que la combinaci\u00f3n de las 3 opciones anteriores es lo que llamamos, publicidad, llegar a ellos a traves de esto.<\/p>\n<p>[\/et_pb_text][\/et_pb_column][\/et_pb_row][et_pb_row _builder_version=\u00bb3.29.3&#8243; _i=\u00bb3&#8243; _address=\u00bb0.3&#8243;][et_pb_column type=\u00bb4_4&#8243; _builder_version=\u00bb3.29.3&#8243; _i=\u00bb0&#8243; _address=\u00bb0.3.0&#8243;][et_pb_gallery gallery_ids=\u00bb1260,1259,1258,1257,1256,1255,1254,1249,1248,1230,1231,1232,1233,1234,1235,1236,1237,1238,1245,1246,1247,1223,1218,1213,1212,1211,1210,1205,1200,1199,1193,1192,1191,1179,1183,1186,1187,1188,1189,1163,1162,1161,1160,1159,1158,1157,1156,1155,1154,1153,1133,1134,1135,1136,1137,1146,1147,1148,1149,1150,1151,1152,1132,1131,1130,1129,1128,1127,1126,1125,1124,1123,1122,1121,1064,1065,1066,1106,1107,1108,1109,1110,1111,1112,1113,1114,1063,1062,1061,1055,1008&#8243; gallery_orderby=\u00bbrand\u00bb fullwidth=\u00bbon\u00bb _builder_version=\u00bb3.29.3&#8243; box_shadow_style=\u00bbpreset1&#8243; _i=\u00bb0&#8243; _address=\u00bb0.3.0.0&#8243;][\/et_pb_gallery][\/et_pb_column][\/et_pb_row][et_pb_row _builder_version=\u00bb3.29.3&#8243; background_color=\u00bbrgba(0,0,0,0)\u00bb _i=\u00bb4&#8243; _address=\u00bb0.4&#8243;][et_pb_column type=\u00bb4_4&#8243; _builder_version=\u00bb3.29.3&#8243; _i=\u00bb0&#8243; _address=\u00bb0.4.0&#8243;][et_pb_video src=\u00bbhttps:\/\/www.youtube.com\/watch?v=2xlgDxePurY\u00bb _builder_version=\u00bb3.29.3&#8243; _i=\u00bb0&#8243; _address=\u00bb0.4.0.0&#8243;][\/et_pb_video][et_pb_video src=\u00bbhttps:\/\/youtu.be\/gJl5UWucJFE\u00bb _builder_version=\u00bb3.29.3&#8243; _i=\u00bb1&#8243; _address=\u00bb0.4.0.1&#8243;][\/et_pb_video][et_pb_video src=\u00bbhttps:\/\/youtu.be\/0pai2Uo87kY\u00bb _builder_version=\u00bb3.29.3&#8243; _i=\u00bb2&#8243; _address=\u00bb0.4.0.2&#8243;][\/et_pb_video][et_pb_video src=\u00bbhttps:\/\/www.youtube.com\/watch?v=bSh-ujSWZk4&#8243; _builder_version=\u00bb3.29.3&#8243; _i=\u00bb3&#8243; _address=\u00bb0.4.0.3&#8243;][\/et_pb_video][et_pb_video src=\u00bbhttps:\/\/youtu.be\/X-nIQESCaXU\u00bb _builder_version=\u00bb3.29.3&#8243; hover_enabled=\u00bb0&#8243; _i=\u00bb4&#8243; _address=\u00bb0.4.0.4&#8243;][\/et_pb_video][et_pb_video src=\u00bbhttps:\/\/www.youtube.com\/watch?v=yp8r__t0eps\u00bb _builder_version=\u00bb3.29.3&#8243; _i=\u00bb5&#8243; _address=\u00bb0.4.0.5&#8243;][\/et_pb_video][et_pb_video src=\u00bbhttps:\/\/youtu.be\/r7AIVQgqmXc\u00bb _builder_version=\u00bb3.29.3&#8243; hover_enabled=\u00bb0&#8243; _i=\u00bb6&#8243; _address=\u00bb0.4.0.6&#8243;][\/et_pb_video][\/et_pb_column][\/et_pb_row][et_pb_row _builder_version=\u00bb3.29.3&#8243; background_color=\u00bbrgba(0,0,0,0)\u00bb _i=\u00bb5&#8243; _address=\u00bb0.5&#8243;][et_pb_column type=\u00bb4_4&#8243; _builder_version=\u00bb3.29.3&#8243; background_color=\u00bbrgba(0,0,0,0)\u00bb _i=\u00bb0&#8243; _address=\u00bb0.5.0&#8243;][et_pb_text admin_label=\u00bbTexto\u00bb module_id=\u00bbcontacto\u00bb _builder_version=\u00bb3.29.3&#8243; text_font=\u00bbUbuntu||||||||\u00bb text_text_color=\u00bb#ffffff\u00bb _i=\u00bb0&#8243; _address=\u00bb0.5.0.0&#8243;]<\/p>\n<h3 style=\"text-align: center;\"><em><strong>\u00bfTienes alguna consulta?<\/strong><\/em><\/h3>\n<p>[\/et_pb_text][et_pb_contact_form email=\u00bbinfo@gonzalomontoro.com\u00bb success_message=\u00bbNos ponemos enseguida en contacto contigo.\u00bb module_id=\u00bbformulario_contacto\u00bb _builder_version=\u00bb3.29.3&#8243; form_field_background_color=\u00bb#ffffff\u00bb background_color=\u00bbrgba(0,0,0,0)\u00bb custom_button=\u00bbon\u00bb button_text_color=\u00bb#000000&#8243; button_border_color=\u00bb#ffffff\u00bb border_width_all=\u00bb1px\u00bb _i=\u00bb1&#8243; _address=\u00bb0.5.0.1&#8243;][et_pb_contact_field field_id=\u00bbName\u00bb field_title=\u00bbNombre\u00bb _builder_version=\u00bb3.29.3&#8243; form_field_background_color=\u00bb#ffffff\u00bb form_field_text_color=\u00bb#000000&#8243; form_field_font_size=\u00bb16px\u00bb background_enable_color=\u00bboff\u00bb _i=\u00bb0&#8243; _address=\u00bb0.5.0.1.0&#8243; button_text_size__hover_enabled=\u00bboff\u00bb button_one_text_size__hover_enabled=\u00bboff\u00bb button_two_text_size__hover_enabled=\u00bboff\u00bb button_text_color__hover_enabled=\u00bboff\u00bb button_one_text_color__hover_enabled=\u00bboff\u00bb button_two_text_color__hover_enabled=\u00bboff\u00bb button_border_width__hover_enabled=\u00bboff\u00bb button_one_border_width__hover_enabled=\u00bboff\u00bb button_two_border_width__hover_enabled=\u00bboff\u00bb button_border_color__hover_enabled=\u00bboff\u00bb button_one_border_color__hover_enabled=\u00bboff\u00bb button_two_border_color__hover_enabled=\u00bboff\u00bb button_border_radius__hover_enabled=\u00bboff\u00bb button_one_border_radius__hover_enabled=\u00bboff\u00bb button_two_border_radius__hover_enabled=\u00bboff\u00bb button_letter_spacing__hover_enabled=\u00bboff\u00bb button_one_letter_spacing__hover_enabled=\u00bboff\u00bb button_two_letter_spacing__hover_enabled=\u00bboff\u00bb button_bg_color__hover_enabled=\u00bboff\u00bb button_one_bg_color__hover_enabled=\u00bboff\u00bb button_two_bg_color__hover_enabled=\u00bboff\u00bb][\/et_pb_contact_field][et_pb_contact_field field_id=\u00bbEmail\u00bb field_title=\u00bbDirecci\u00f3n de correo electr\u00f3nico\u00bb field_type=\u00bbemail\u00bb _builder_version=\u00bb3.29.3&#8243; form_field_background_color=\u00bb#ffffff\u00bb form_field_text_color=\u00bb#000000&#8243; form_field_font_size=\u00bb16px\u00bb _i=\u00bb1&#8243; _address=\u00bb0.5.0.1.1&#8243; button_text_size__hover_enabled=\u00bboff\u00bb button_one_text_size__hover_enabled=\u00bboff\u00bb button_two_text_size__hover_enabled=\u00bboff\u00bb button_text_color__hover_enabled=\u00bboff\u00bb button_one_text_color__hover_enabled=\u00bboff\u00bb button_two_text_color__hover_enabled=\u00bboff\u00bb button_border_width__hover_enabled=\u00bboff\u00bb button_one_border_width__hover_enabled=\u00bboff\u00bb button_two_border_width__hover_enabled=\u00bboff\u00bb button_border_color__hover_enabled=\u00bboff\u00bb button_one_border_color__hover_enabled=\u00bboff\u00bb button_two_border_color__hover_enabled=\u00bboff\u00bb button_border_radius__hover_enabled=\u00bboff\u00bb button_one_border_radius__hover_enabled=\u00bboff\u00bb button_two_border_radius__hover_enabled=\u00bboff\u00bb button_letter_spacing__hover_enabled=\u00bboff\u00bb button_one_letter_spacing__hover_enabled=\u00bboff\u00bb button_two_letter_spacing__hover_enabled=\u00bboff\u00bb button_bg_color__hover_enabled=\u00bboff\u00bb button_one_bg_color__hover_enabled=\u00bboff\u00bb button_two_bg_color__hover_enabled=\u00bboff\u00bb][\/et_pb_contact_field][et_pb_contact_field field_id=\u00bbMessage\u00bb field_title=\u00bbMensaje\u00bb field_type=\u00bbtext\u00bb fullwidth_field=\u00bbon\u00bb _builder_version=\u00bb3.29.3&#8243; form_field_background_color=\u00bb#ffffff\u00bb form_field_text_color=\u00bb#000000&#8243; form_field_font_size=\u00bb16px\u00bb _i=\u00bb2&#8243; _address=\u00bb0.5.0.1.2&#8243; button_text_size__hover_enabled=\u00bboff\u00bb button_one_text_size__hover_enabled=\u00bboff\u00bb button_two_text_size__hover_enabled=\u00bboff\u00bb button_text_color__hover_enabled=\u00bboff\u00bb button_one_text_color__hover_enabled=\u00bboff\u00bb button_two_text_color__hover_enabled=\u00bboff\u00bb button_border_width__hover_enabled=\u00bboff\u00bb button_one_border_width__hover_enabled=\u00bboff\u00bb button_two_border_width__hover_enabled=\u00bboff\u00bb button_border_color__hover_enabled=\u00bboff\u00bb button_one_border_color__hover_enabled=\u00bboff\u00bb button_two_border_color__hover_enabled=\u00bboff\u00bb button_border_radius__hover_enabled=\u00bboff\u00bb button_one_border_radius__hover_enabled=\u00bboff\u00bb button_two_border_radius__hover_enabled=\u00bboff\u00bb button_letter_spacing__hover_enabled=\u00bboff\u00bb button_one_letter_spacing__hover_enabled=\u00bboff\u00bb button_two_letter_spacing__hover_enabled=\u00bboff\u00bb button_bg_color__hover_enabled=\u00bboff\u00bb button_one_bg_color__hover_enabled=\u00bboff\u00bb button_two_bg_color__hover_enabled=\u00bboff\u00bb][\/et_pb_contact_field][\/et_pb_contact_form][\/et_pb_column][\/et_pb_row][et_pb_row _builder_version=\u00bb3.29.3&#8243; background_color=\u00bbrgba(0,0,0,0)\u00bb _i=\u00bb6&#8243; _address=\u00bb0.6&#8243;][et_pb_column type=\u00bb4_4&#8243; _builder_version=\u00bb3.29.3&#8243; _i=\u00bb0&#8243; _address=\u00bb0.6.0&#8243;][et_pb_text _builder_version=\u00bb3.29.3&#8243; min_height=\u00bb49px\u00bb custom_margin=\u00bb||-27px|||\u00bb custom_padding=\u00bb20px||30px|||\u00bb _i=\u00bb0&#8243; _address=\u00bb0.6.0.0&#8243;]<\/p>\n<h1 style=\"text-align: center;\"><strong>Nuestros trabajos<\/strong><\/h1>\n<p>[\/et_pb_text][et_pb_portfolio show_categories=\u00bboff\u00bb _builder_version=\u00bb3.29.3&#8243; background_color=\u00bbrgba(0,0,0,0)\u00bb _i=\u00bb1&#8243; _address=\u00bb0.6.0.1&#8243;][\/et_pb_portfolio][\/et_pb_column][\/et_pb_row][et_pb_row _builder_version=\u00bb3.29.3&#8243; _i=\u00bb7&#8243; _address=\u00bb0.7&#8243;][et_pb_column type=\u00bb4_4&#8243; _builder_version=\u00bb3.29.3&#8243; _i=\u00bb0&#8243; _address=\u00bb0.7.0&#8243;][et_pb_code _builder_version=\u00bb3.29.3&#8243; text_orientation=\u00bbcenter\u00bb _i=\u00bb0&#8243; _address=\u00bb0.7.0.0&#8243;]<iframe src=\"https:\/\/www.google.com\/maps\/embed?pb=!1m18!1m12!1m3!1d3129.102348901709!2d-0.4809106853086879!3d38.34661308682692!2m3!1f0!2f0!3f0!3m2!1i1024!2i768!4f13.1!3m3!1m2!1s0xd6237b007d702bf%3A0xb42849f788c9cdd3!2sC.%20Villavieja%2C%2031%2C%2003002%20Alicante%20(Alacant)%2C%20Alicante!5e0!3m2!1ses!2ses!4v1640086002093!5m2!1ses!2ses\" width=\"1920\" height=\"1080\" style=\"border:0;\" allowfullscreen=\"\" loading=\"lazy\"><\/iframe>[\/et_pb_code][\/et_pb_column][\/et_pb_row][et_pb_row _builder_version=\u00bb3.29.3&#8243; module_alignment=\u00bbcenter\u00bb _i=\u00bb8&#8243; _address=\u00bb0.8&#8243;][et_pb_column type=\u00bb4_4&#8243; _builder_version=\u00bb3.29.3&#8243; _i=\u00bb0&#8243; _address=\u00bb0.8.0&#8243;][et_pb_text _builder_version=\u00bb3.29.3&#8243; text_font=\u00bbUbuntu||||||||\u00bb _i=\u00bb0&#8243; _address=\u00bb0.8.0.0&#8243;]<\/p>\n<h2 style=\"text-align: center;\">Gonzalo Montoro<\/h2>\n<p style=\"text-align: center;\">Calle Villavieja 31<br \/>03002 Alicante<br \/>Espa\u00f1a<br \/>605 157 154<\/p>\n<p>[\/et_pb_text][\/et_pb_column][\/et_pb_row][\/et_pb_section]<\/p>\n","protected":false},"excerpt":{"rendered":"<p>[et_pb_section fb_built=\u00bb1&#8243; admin_label=\u00bbSecci\u00f3n\u00bb _builder_version=\u00bb3.29.3&#8243; background_color=\u00bb#ffffff\u00bb fb_built=\u00bb1&#8243; _i=\u00bb0&#8243; _address=\u00bb0&#8243;][et_pb_row _builder_version=\u00bb3.29.3&#8243; custom_margin=\u00bb-57px||||false|false\u00bb _i=\u00bb0&#8243; _address=\u00bb0.0&#8243;][et_pb_column type=\u00bb4_4&#8243; _builder_version=\u00bb3.29.3&#8243; _i=\u00bb0&#8243; _address=\u00bb0.0.0&#8243;][et_pb_image src=\u00bbhttps:\/\/www.gonzalomontoro.com\/wp-content\/uploads\/2021\/12\/logo-150.png\u00bb _builder_version=\u00bb3.29.3&#8243; _i=\u00bb0&#8243; _address=\u00bb0.0.0.0&#8243;][\/et_pb_image][\/et_pb_column][\/et_pb_row][et_pb_row _builder_version=\u00bb3.29.3&#8243; _i=\u00bb1&#8243; _address=\u00bb0.1&#8243;][et_pb_column type=\u00bb4_4&#8243; _builder_version=\u00bb3.29.3&#8243; _i=\u00bb0&#8243; _address=\u00bb0.1.0&#8243;][et_pb_slider admin_label=\u00bbDeslizador\u00bb _builder_version=\u00bb3.29.3&#8243; transform_scale_phone=\u00bb120%|120%\u00bb transform_scale_last_edited=\u00bbon|phone\u00bb transform_translate_last_edited=\u00bbon|desktop\u00bb transform_rotate_last_edited=\u00bbon|desktop\u00bb transform_skew_last_edited=\u00bbon|desktop\u00bb transform_origin_last_edited=\u00bbon|desktop\u00bb transform_styles_last_edited=\u00bbon|phone\u00bb min_height_phone=\u00bb200px\u00bb min_height_last_edited=\u00bbon|phone\u00bb animation_style=\u00bbslide\u00bb auto=\u00bbon\u00bb _i=\u00bb0&#8243; _address=\u00bb0.1.0.0&#8243; column_structure=\u00bb1_2,1_2&#8243;][et_pb_slide _builder_version=\u00bb3.29.3&#8243; background_image=\u00bbhttps:\/\/gonzalomontoro.com\/wp-content\/uploads\/2021\/01\/SLIDER-web-GONZALO-10.png\u00bb background_enable_image=\u00bbon\u00bb _i=\u00bb0&#8243; _address=\u00bb0.1.0.0.0&#8243;][\/et_pb_slide][et_pb_slide _builder_version=\u00bb3.29.3&#8243; background_image=\u00bbhttps:\/\/www.gonzalomontoro.com\/wp-content\/uploads\/2021\/01\/SLIDER-web-GONZALO-13.png\u00bb background_enable_image=\u00bbon\u00bb _i=\u00bb1&#8243; _address=\u00bb0.1.0.0.1&#8243;][\/et_pb_slide][et_pb_slide _builder_version=\u00bb3.29.3&#8243; background_image=\u00bbhttps:\/\/gonzalomontoro.com\/wp-content\/uploads\/2021\/01\/SLIDER-web-GONZALO-12.png\u00bb [&hellip;]<\/p>\n","protected":false},"author":2,"featured_media":0,"parent":0,"menu_order":0,"comment_status":"closed","ping_status":"closed","template":"page-template-blank.php","meta":{"_et_pb_use_builder":"on","_et_pb_old_content":""},"_links":{"self":[{"href":"https:\/\/www.gonzalomontoro.com\/index.php?rest_route=\/wp\/v2\/pages\/226"}],"collection":[{"href":"https:\/\/www.gonzalomontoro.com\/index.php?rest_route=\/wp\/v2\/pages"}],"about":[{"href":"https:\/\/www.gonzalomontoro.com\/index.php?rest_route=\/wp\/v2\/types\/page"}],"author":[{"embeddable":true,"href":"https:\/\/www.gonzalomontoro.com\/index.php?rest_route=\/wp\/v2\/users\/2"}],"replies":[{"embeddable":true,"href":"https:\/\/www.gonzalomontoro.com\/index.php?rest_route=%2Fwp%2Fv2%2Fcomments&post=226"}],"version-history":[{"count":227,"href":"https:\/\/www.gonzalomontoro.com\/index.php?rest_route=\/wp\/v2\/pages\/226\/revisions"}],"predecessor-version":[{"id":1397,"href":"https:\/\/www.gonzalomontoro.com\/index.php?rest_route=\/wp\/v2\/pages\/226\/revisions\/1397"}],"wp:attachment":[{"href":"https:\/\/www.gonzalomontoro.com\/index.php?rest_route=%2Fwp%2Fv2%2Fmedia&parent=226"}],"curies":[{"name":"wp","href":"https:\/\/api.w.org\/{rel}","templated":true}]}}